{"id":2537,"date":"2023-09-19T15:51:35","date_gmt":"2023-09-19T13:51:35","guid":{"rendered":"https:\/\/afrifoodlinks.org\/villes-de-projet\/"},"modified":"2024-01-30T13:52:54","modified_gmt":"2024-01-30T11:52:54","slug":"villes-de-projet","status":"publish","type":"page","link":"https:\/\/afrifoodlinks.org\/fr\/villes-de-projet\/","title":{"rendered":"Villes de projet"},"content":{"rendered":"\t\t<div data-elementor-type=\"wp-page\" data-elementor-id=\"2537\" class=\"elementor elementor-2537 elementor-1819\" data-elementor-post-type=\"page\">\n\t\t\t\t<div class=\"elementor-element elementor-element-483a28f e-flex e-con-boxed e-con e-parent\" data-id=\"483a28f\" data-element_type=\"container\" data-e-type=\"container\">\n\t\t\t\t\t<div class=\"e-con-inner\">\n\t\t\t\t<div class=\"elementor-element elementor-element-0d3d51d elementor-widget elementor-widget-heading\" data-id=\"0d3d51d\" data-element_type=\"widget\" data-e-type=\"widget\" data-widget_type=\"heading.default\">\n\t\t\t\t<div class=\"elementor-widget-container\">\n\t\t\t\t\t<h2 class=\"elementor-heading-title elementor-size-default\">Villes <\/h2>\t\t\t\t<\/div>\n\t\t\t\t<\/div>\n\t\t\t\t<div class=\"elementor-element elementor-element-58be154 elementor-widget elementor-widget-facetwp-facet\" data-id=\"58be154\" data-element_type=\"widget\" data-e-type=\"widget\" data-widget_type=\"facetwp-facet.default\">\n\t\t\t\t<div class=\"elementor-widget-container\">\n\t\t\t\t\t\n        <div class=\"facet-wrap\">\n                        <div class=\"facetwp-facet facetwp-facet-cities_map facetwp-type-map\" data-name=\"cities_map\" data-type=\"map\"><\/div>        <\/div>\n\n        \t\t\t\t<\/div>\n\t\t\t\t<\/div>\n\t\t\t\t<div class=\"elementor-element elementor-element-2867b43 elementor-widget elementor-widget-text-editor\" data-id=\"2867b43\" data-element_type=\"widget\" data-e-type=\"widget\" data-widget_type=\"text-editor.default\">\n\t\t\t\t<div class=\"elementor-widget-container\">\n\t\t\t\t\t\t\t\t\t<p>AfriFOODlinks investit dans le changement direct des syst\u00e8mes alimentaires dans <strong>5 villes-centres africaines<\/strong> et invite <strong>10 villes-partage africaines et 5 villes-partage europ\u00e9ennes<\/strong> \u00e0 les rejoindre dans un voyage d&rsquo;apprentissage mutuel, \u00e0 partager leur travail innovant sur les syst\u00e8mes alimentaires et \u00e0 co-concevoir des projets pilotes \u00e0 mettre en \u0153uvre dans chaque <strong>ville-partage<\/strong>.<\/p>\n<p>Gr\u00e2ce \u00e0 un ensemble vari\u00e9 d&rsquo;interventions AfriFOODlinks, ces villes deviendront des sources d&rsquo;inspiration pour les transitions des syst\u00e8mes alimentaires urbains sur l&rsquo;ensemble du continent. Des pratiques innovantes, des guides m\u00e9thodologiques et des outils de sensibilisation du public seront d\u00e9velopp\u00e9s et partag\u00e9s avec <strong>plus de 45 villes<\/strong> du <strong>r\u00e9seau<\/strong> en Afrique, en Europe et dans les r\u00e9gions du Sud, qui pourront adopter, adapter et reproduire les r\u00e9sultats.<\/p>\n<p>D\u00e9couvrez les profils des villes ci-dessous :<\/p>\n\t\t\t\t\t\t\t\t<\/div>\n\t\t\t\t<\/div>\n\t\t\t\t\t<\/div>\n\t\t\t\t<\/div>\n\t\t<div class=\"elementor-element elementor-element-8660b09 e-flex e-con-boxed e-con e-parent\" data-id=\"8660b09\" data-element_type=\"container\" data-e-type=\"container\">\n\t\t\t\t\t<div class=\"e-con-inner\">\n\t\t\t\t<div class=\"facetwp-template facetwp-elementor-widget elementor-element elementor-element-df53b1d elementor-grid-3 elementor-grid-tablet-2 elementor-grid-mobile-1 elementor-posts--thumbnail-top elementor-card-shadow-yes elementor-posts__hover-gradient elementor-widget elementor-widget-posts\" data-id=\"df53b1d\" data-element_type=\"widget\" data-e-type=\"widget\" data-settings=\"{&quot;pagination_type&quot;:&quot;numbers&quot;,&quot;cards_columns&quot;:&quot;3&quot;,&quot;cards_columns_tablet&quot;:&quot;2&quot;,&quot;cards_columns_mobile&quot;:&quot;1&quot;,&quot;cards_row_gap&quot;:{&quot;unit&quot;:&quot;px&quot;,&quot;size&quot;:35,&quot;sizes&quot;:[]},&quot;cards_row_gap_tablet&quot;:{&quot;unit&quot;:&quot;px&quot;,&quot;size&quot;:&quot;&quot;,&quot;sizes&quot;:[]},&quot;cards_row_gap_mobile&quot;:{&quot;unit&quot;:&quot;px&quot;,&quot;size&quot;:&quot;&quot;,&quot;sizes&quot;:[]}}\" data-widget_type=\"posts.cards\">\n\t\t\t\t<div class=\"elementor-widget-container\">\n\t\t\t\t\t\t\t<div class=\"elementor-posts-container elementor-posts elementor-posts--skin-cards elementor-grid\" role=\"list\">\n\t\t\t\t<article class=\"elementor-post elementor-grid-item post-2408 city type-city status-publish has-post-thumbnail hentry\" role=\"listitem\">\n\t\t\t<div class=\"elementor-post__card\">\n\t\t\t\t<a class=\"elementor-post__thumbnail__link\" href=\"https:\/\/afrifoodlinks.org\/fr\/city\/ville-du-cap\/\" tabindex=\"-1\" ><div class=\"elementor-post__thumbnail\"><img fetchpriority=\"high\" decoding=\"async\" width=\"300\" height=\"300\" src=\"https:\/\/afrifoodlinks.org\/wp-content\/uploads\/2023\/09\/AfriFOODlinks-website_city-images-2.png\" class=\"attachment-medium size-medium wp-image-2173\" alt=\"\" srcset=\"https:\/\/afrifoodlinks.org\/wp-content\/uploads\/2023\/09\/AfriFOODlinks-website_city-images-2.png 300w, https:\/\/afrifoodlinks.org\/wp-content\/uploads\/2023\/09\/AfriFOODlinks-website_city-images-2-150x150.png 150w\" sizes=\"(max-width: 300px) 100vw, 300px\" \/><\/div><\/a>\n\t\t\t\t<div class=\"elementor-post__text\">\n\t\t\t\t<h3 class=\"elementor-post__title\">\n\t\t\t<a href=\"https:\/\/afrifoodlinks.org\/fr\/city\/ville-du-cap\/\" >\n\t\t\t\tVille du Cap\t\t\t<\/a>\n\t\t<\/h3>\n\t\t\t\t<div class=\"elementor-post__excerpt\">\n\t\t\t<p>Hub City &#8211; Le Cap, ou la ville m\u00e8re, est la plus ancienne ville d&rsquo;Afrique du Sud, la deuxi\u00e8me plus peupl\u00e9e et la capitale l\u00e9gislative. Elle se compose d&rsquo;une population diversifi\u00e9e, d&rsquo;une histoire riche, d&rsquo;attractions touristiques de renomm\u00e9e mondiale et d&rsquo;un calendrier passionnant d&rsquo;\u00e9v\u00e9nements internationaux et locaux.<\/p>\n\t\t<\/div>\n\t\t\n\t\t<a class=\"elementor-post__read-more\" href=\"https:\/\/afrifoodlinks.org\/fr\/city\/ville-du-cap\/\" aria-label=\"En savoir plus sur Ville du Cap\" tabindex=\"-1\" >\n\t\t\t\t\t<\/a>\n\n\t\t\t\t<\/div>\n\t\t\t\t\t<\/div>\n\t\t<\/article>\n\t\t\t\t<article class=\"elementor-post elementor-grid-item post-4219 city type-city status-publish has-post-thumbnail hentry\" role=\"listitem\">\n\t\t\t<div class=\"elementor-post__card\">\n\t\t\t\t<a class=\"elementor-post__thumbnail__link\" href=\"https:\/\/afrifoodlinks.org\/fr\/city\/lilongwe-malawi\/\" tabindex=\"-1\" ><div class=\"elementor-post__thumbnail\"><img decoding=\"async\" width=\"300\" height=\"300\" src=\"https:\/\/afrifoodlinks.org\/wp-content\/uploads\/2024\/10\/Lilongwe-Malawi.png\" class=\"attachment-medium size-medium wp-image-4172\" alt=\"\" srcset=\"https:\/\/afrifoodlinks.org\/wp-content\/uploads\/2024\/10\/Lilongwe-Malawi.png 300w, https:\/\/afrifoodlinks.org\/wp-content\/uploads\/2024\/10\/Lilongwe-Malawi-150x150.png 150w\" sizes=\"(max-width: 300px) 100vw, 300px\" \/><\/div><\/a>\n\t\t\t\t<div class=\"elementor-post__text\">\n\t\t\t\t<h3 class=\"elementor-post__title\">\n\t\t\t<a href=\"https:\/\/afrifoodlinks.org\/fr\/city\/lilongwe-malawi\/\" >\n\t\t\t\tLilongwe, Malawi\t\t\t<\/a>\n\t\t<\/h3>\n\t\t\t\t<div class=\"elementor-post__excerpt\">\n\t\t\t<p>Lilongwe est la capitale et la plus grande ville du Malawi. Elle compte une population d&rsquo;environ 989 318 habitants selon le recensement de 2018 et est connue sous le nom de \u00ab\u00a0Garden City\u00a0\u00bb (ville jardin). Lilongwe a commenc\u00e9 comme un petit village de p\u00eacheurs sur les rives de la rivi\u00e8re Lilongwe. En savoir plus sur le syst\u00e8me alimentaire de Lilongwe&#8230;    <\/p>\n\t\t<\/div>\n\t\t\n\t\t<a class=\"elementor-post__read-more\" href=\"https:\/\/afrifoodlinks.org\/fr\/city\/lilongwe-malawi\/\" aria-label=\"En savoir plus sur Lilongwe, Malawi\" tabindex=\"-1\" >\n\t\t\t\t\t<\/a>\n\n\t\t\t\t<\/div>\n\t\t\t\t\t<\/div>\n\t\t<\/article>\n\t\t\t\t<article class=\"elementor-post elementor-grid-item post-4179 city type-city status-publish has-post-thumbnail hentry\" role=\"listitem\">\n\t\t\t<div class=\"elementor-post__card\">\n\t\t\t\t<a class=\"elementor-post__thumbnail__link\" href=\"https:\/\/afrifoodlinks.org\/fr\/city\/bambilor-senegal\/\" tabindex=\"-1\" ><div class=\"elementor-post__thumbnail\"><img decoding=\"async\" width=\"300\" height=\"300\" src=\"https:\/\/afrifoodlinks.org\/wp-content\/uploads\/2024\/10\/Nuts.png\" class=\"attachment-medium size-medium wp-image-4206\" alt=\"\" srcset=\"https:\/\/afrifoodlinks.org\/wp-content\/uploads\/2024\/10\/Nuts.png 300w, https:\/\/afrifoodlinks.org\/wp-content\/uploads\/2024\/10\/Nuts-150x150.png 150w\" sizes=\"(max-width: 300px) 100vw, 300px\" \/><\/div><\/a>\n\t\t\t\t<div class=\"elementor-post__text\">\n\t\t\t\t<h3 class=\"elementor-post__title\">\n\t\t\t<a href=\"https:\/\/afrifoodlinks.org\/fr\/city\/bambilor-senegal\/\" >\n\t\t\t\tBambilor, Senegal\t\t\t<\/a>\n\t\t<\/h3>\n\t\t\t\t<div class=\"elementor-post__excerpt\">\n\t\t\t<p>Bambilor est une commune rurale cr\u00e9\u00e9e en 2014, situ\u00e9e dans le d\u00e9partement de Rufisque, \u00e0 25 km de Dakar, la capitale du S\u00e9n\u00e9gal, et \u00e0 5 km du Lac Rose. Situ\u00e9e dans la r\u00e9gion des Niayes, Bambilor est un fournisseur cl\u00e9 de produits agricoles de la r\u00e9gion de Dakar.<\/p>\n\t\t<\/div>\n\t\t\n\t\t<a class=\"elementor-post__read-more\" href=\"https:\/\/afrifoodlinks.org\/fr\/city\/bambilor-senegal\/\" aria-label=\"En savoir plus sur Bambilor, Senegal\" tabindex=\"-1\" >\n\t\t\t\t\t<\/a>\n\n\t\t\t\t<\/div>\n\t\t\t\t\t<\/div>\n\t\t<\/article>\n\t\t\t\t<\/div>\n\t\t\n\t\t\t\t\t\t<\/div>\n\t\t\t\t<\/div>\n\t\t\t\t\t<\/div>\n\t\t\t\t<\/div>\n\t\t\t\t<\/div>\n\t\t","protected":false},"excerpt":{"rendered":"<p>Villes AfriFOODlinks investit dans le changement direct des syst\u00e8mes alimentaires dans 5 villes-centres africaines et invite 10 villes-partage africaines et 5 villes-partage europ\u00e9ennes \u00e0 les rejoindre dans un voyage d&rsquo;apprentissage mutuel, \u00e0 partager leur travail innovant sur les syst\u00e8mes alimentaires et \u00e0 co-concevoir des projets pilotes \u00e0 mettre en \u0153uvre dans chaque ville-partage. Gr\u00e2ce \u00e0 &hellip; <a href=\"https:\/\/afrifoodlinks.org\/fr\/city\/bambilor-senegal\/\">Continued<\/a><\/p>\n","protected":false},"author":1,"featured_media":0,"parent":0,"menu_order":0,"comment_status":"closed","ping_status":"closed","template":"","meta":{"_acf_changed":false,"inline_featured_image":false,"footnotes":""},"class_list":["post-2537","page","type-page","status-publish","hentry"],"acf":[],"yoast_head":"<!-- This site is optimized with the Yoast SEO plugin v27.5 - https:\/\/yoast.com\/product\/yoast-seo-wordpress\/ -->\n<title>Villes de projet - afrifoodlinks<\/title>\n<meta name=\"robots\" content=\"index, follow, max-snippet:-1, max-image-preview:large, max-video-preview:-1\" \/>\n<link rel=\"canonical\" href=\"https:\/\/afrifoodlinks.org\/project-cities\/\" \/>\n<meta property=\"og:locale\" content=\"fr_FR\" \/>\n<meta property=\"og:type\" content=\"article\" \/>\n<meta property=\"og:title\" content=\"Villes de projet - afrifoodlinks\" \/>\n<meta property=\"og:description\" content=\"Villes AfriFOODlinks investit dans le changement direct des syst\u00e8mes alimentaires dans 5 villes-centres africaines et invite 10 villes-partage africaines et 5 villes-partage europ\u00e9ennes \u00e0 les rejoindre dans un voyage d&rsquo;apprentissage mutuel, \u00e0 partager leur travail innovant sur les syst\u00e8mes alimentaires et \u00e0 co-concevoir des projets pilotes \u00e0 mettre en \u0153uvre dans chaque ville-partage. Gr\u00e2ce \u00e0 &hellip; Continued\" \/>\n<meta property=\"og:url\" content=\"https:\/\/afrifoodlinks.org\/project-cities\/\" \/>\n<meta property=\"og:site_name\" content=\"afrifoodlinks\" \/>\n<meta property=\"article:modified_time\" content=\"2024-01-30T11:52:54+00:00\" \/>\n<meta name=\"twitter:card\" content=\"summary_large_image\" \/>\n<meta name=\"twitter:label1\" content=\"Dur\u00e9e de lecture estim\u00e9e\" \/>\n\t<meta name=\"twitter:data1\" content=\"1 minute\" \/>\n<script type=\"application\/ld+json\" class=\"yoast-schema-graph\">{\"@context\":\"https:\\\/\\\/schema.org\",\"@graph\":[{\"@type\":\"WebPage\",\"@id\":\"https:\\\/\\\/afrifoodlinks.org\\\/project-cities\\\/\",\"url\":\"https:\\\/\\\/afrifoodlinks.org\\\/project-cities\\\/\",\"name\":\"Villes de projet - afrifoodlinks\",\"isPartOf\":{\"@id\":\"https:\\\/\\\/afrifoodlinks.org\\\/#website\"},\"datePublished\":\"2023-09-19T13:51:35+00:00\",\"dateModified\":\"2024-01-30T11:52:54+00:00\",\"breadcrumb\":{\"@id\":\"https:\\\/\\\/afrifoodlinks.org\\\/project-cities\\\/#breadcrumb\"},\"inLanguage\":\"fr-FR\",\"potentialAction\":[{\"@type\":\"ReadAction\",\"target\":[\"https:\\\/\\\/afrifoodlinks.org\\\/project-cities\\\/\"]}]},{\"@type\":\"BreadcrumbList\",\"@id\":\"https:\\\/\\\/afrifoodlinks.org\\\/project-cities\\\/#breadcrumb\",\"itemListElement\":[{\"@type\":\"ListItem\",\"position\":1,\"name\":\"Home\",\"item\":\"https:\\\/\\\/afrifoodlinks.org\\\/fr\\\/accueil\\\/\"},{\"@type\":\"ListItem\",\"position\":2,\"name\":\"Villes de projet\"}]},{\"@type\":\"WebSite\",\"@id\":\"https:\\\/\\\/afrifoodlinks.org\\\/#website\",\"url\":\"https:\\\/\\\/afrifoodlinks.org\\\/\",\"name\":\"afrifoodlinks\",\"description\":\"\",\"publisher\":{\"@id\":\"https:\\\/\\\/afrifoodlinks.org\\\/#organization\"},\"potentialAction\":[{\"@type\":\"SearchAction\",\"target\":{\"@type\":\"EntryPoint\",\"urlTemplate\":\"https:\\\/\\\/afrifoodlinks.org\\\/?s={search_term_string}\"},\"query-input\":{\"@type\":\"PropertyValueSpecification\",\"valueRequired\":true,\"valueName\":\"search_term_string\"}}],\"inLanguage\":\"fr-FR\"},{\"@type\":\"Organization\",\"@id\":\"https:\\\/\\\/afrifoodlinks.org\\\/#organization\",\"name\":\"afrifoodlinks\",\"url\":\"https:\\\/\\\/afrifoodlinks.org\\\/\",\"logo\":{\"@type\":\"ImageObject\",\"inLanguage\":\"fr-FR\",\"@id\":\"https:\\\/\\\/afrifoodlinks.org\\\/#\\\/schema\\\/logo\\\/image\\\/\",\"url\":\"https:\\\/\\\/afrifoodlinks.org\\\/wp-content\\\/uploads\\\/2023\\\/05\\\/afrifoodlinks-logo-seo.png\",\"contentUrl\":\"https:\\\/\\\/afrifoodlinks.org\\\/wp-content\\\/uploads\\\/2023\\\/05\\\/afrifoodlinks-logo-seo.png\",\"width\":420,\"height\":178,\"caption\":\"afrifoodlinks\"},\"image\":{\"@id\":\"https:\\\/\\\/afrifoodlinks.org\\\/#\\\/schema\\\/logo\\\/image\\\/\"},\"sameAs\":[\"https:\\\/\\\/www.instagram.com\\\/explore\\\/tags\\\/throughfood\\\/\"]}]}<\/script>\n<!-- \/ Yoast SEO plugin. -->","yoast_head_json":{"title":"Villes de projet - afrifoodlinks","robots":{"index":"index","follow":"follow","max-snippet":"max-snippet:-1","max-image-preview":"max-image-preview:large","max-video-preview":"max-video-preview:-1"},"canonical":"https:\/\/afrifoodlinks.org\/project-cities\/","og_locale":"fr_FR","og_type":"article","og_title":"Villes de projet - afrifoodlinks","og_description":"Villes AfriFOODlinks investit dans le changement direct des syst\u00e8mes alimentaires dans 5 villes-centres africaines et invite 10 villes-partage africaines et 5 villes-partage europ\u00e9ennes \u00e0 les rejoindre dans un voyage d&rsquo;apprentissage mutuel, \u00e0 partager leur travail innovant sur les syst\u00e8mes alimentaires et \u00e0 co-concevoir des projets pilotes \u00e0 mettre en \u0153uvre dans chaque ville-partage. Gr\u00e2ce \u00e0 &hellip; Continued","og_url":"https:\/\/afrifoodlinks.org\/project-cities\/","og_site_name":"afrifoodlinks","article_modified_time":"2024-01-30T11:52:54+00:00","twitter_card":"summary_large_image","twitter_misc":{"Dur\u00e9e de lecture estim\u00e9e":"1 minute"},"schema":{"@context":"https:\/\/schema.org","@graph":[{"@type":"WebPage","@id":"https:\/\/afrifoodlinks.org\/project-cities\/","url":"https:\/\/afrifoodlinks.org\/project-cities\/","name":"Villes de projet - afrifoodlinks","isPartOf":{"@id":"https:\/\/afrifoodlinks.org\/#website"},"datePublished":"2023-09-19T13:51:35+00:00","dateModified":"2024-01-30T11:52:54+00:00","breadcrumb":{"@id":"https:\/\/afrifoodlinks.org\/project-cities\/#breadcrumb"},"inLanguage":"fr-FR","potentialAction":[{"@type":"ReadAction","target":["https:\/\/afrifoodlinks.org\/project-cities\/"]}]},{"@type":"BreadcrumbList","@id":"https:\/\/afrifoodlinks.org\/project-cities\/#breadcrumb","itemListElement":[{"@type":"ListItem","position":1,"name":"Home","item":"https:\/\/afrifoodlinks.org\/fr\/accueil\/"},{"@type":"ListItem","position":2,"name":"Villes de projet"}]},{"@type":"WebSite","@id":"https:\/\/afrifoodlinks.org\/#website","url":"https:\/\/afrifoodlinks.org\/","name":"afrifoodlinks","description":"","publisher":{"@id":"https:\/\/afrifoodlinks.org\/#organization"},"potentialAction":[{"@type":"SearchAction","target":{"@type":"EntryPoint","urlTemplate":"https:\/\/afrifoodlinks.org\/?s={search_term_string}"},"query-input":{"@type":"PropertyValueSpecification","valueRequired":true,"valueName":"search_term_string"}}],"inLanguage":"fr-FR"},{"@type":"Organization","@id":"https:\/\/afrifoodlinks.org\/#organization","name":"afrifoodlinks","url":"https:\/\/afrifoodlinks.org\/","logo":{"@type":"ImageObject","inLanguage":"fr-FR","@id":"https:\/\/afrifoodlinks.org\/#\/schema\/logo\/image\/","url":"https:\/\/afrifoodlinks.org\/wp-content\/uploads\/2023\/05\/afrifoodlinks-logo-seo.png","contentUrl":"https:\/\/afrifoodlinks.org\/wp-content\/uploads\/2023\/05\/afrifoodlinks-logo-seo.png","width":420,"height":178,"caption":"afrifoodlinks"},"image":{"@id":"https:\/\/afrifoodlinks.org\/#\/schema\/logo\/image\/"},"sameAs":["https:\/\/www.instagram.com\/explore\/tags\/throughfood\/"]}]}},"_links":{"self":[{"href":"https:\/\/afrifoodlinks.org\/fr\/wp-json\/wp\/v2\/pages\/2537","targetHints":{"allow":["GET"]}}],"collection":[{"href":"https:\/\/afrifoodlinks.org\/fr\/wp-json\/wp\/v2\/pages"}],"about":[{"href":"https:\/\/afrifoodlinks.org\/fr\/wp-json\/wp\/v2\/types\/page"}],"author":[{"embeddable":true,"href":"https:\/\/afrifoodlinks.org\/fr\/wp-json\/wp\/v2\/users\/1"}],"replies":[{"embeddable":true,"href":"https:\/\/afrifoodlinks.org\/fr\/wp-json\/wp\/v2\/comments?post=2537"}],"version-history":[{"count":2,"href":"https:\/\/afrifoodlinks.org\/fr\/wp-json\/wp\/v2\/pages\/2537\/revisions"}],"predecessor-version":[{"id":2617,"href":"https:\/\/afrifoodlinks.org\/fr\/wp-json\/wp\/v2\/pages\/2537\/revisions\/2617"}],"wp:attachment":[{"href":"https:\/\/afrifoodlinks.org\/fr\/wp-json\/wp\/v2\/media?parent=2537"}],"curies":[{"name":"wp","href":"https:\/\/api.w.org\/{rel}","templated":true}]}}